{"id":1648,"date":"2021-06-20T14:31:45","date_gmt":"2021-06-20T14:31:45","guid":{"rendered":"https:\/\/sfihealthsolutions.com\/contact\/thank-you\/"},"modified":"2021-12-02T03:22:02","modified_gmt":"2021-12-02T03:22:02","slug":"thank-you","status":"publish","type":"page","link":"https:\/\/sfihealthsolutions.com\/de\/kontakte\/thank-you\/","title":{"rendered":"Danke"},"content":{"rendered":"\n<section id=\"thank-you-content-block_61a839b67b773\" class=\"block-thank-you-content\">\n    <div class=\"content\">\n        <h1>Danke.<br>Ihre Anfrage ist bei uns eingegangen.<\/h1>\n        <p>Unsere Verkaufsexperten werden sich innerhalb der n\u00e4chsten 1-2 Werktage mit Ihnen in Verbindung setzen, um Ihre Anfrage mit Ihnen zu besprechen.<\/p>\n<p>Laden Sie in der Zwischenzeit unsere E-Brosch\u00fcre herunter um zu erfahren welche St\u00e4rken wir im Bereich der pflanzlichen Erg\u00e4nzungsmittel haben. Zudem werden Sie erfahren, wie wir tatkr\u00e4ftig Unternehmen welche im Bereich von Nahrungserg\u00e4nzungsmittel und OTC Produkte t\u00e4tig sind, unterst\u00fctzten konnten.<\/p>\n                            <a class=\"btn btn-primary\" href=\"http:\/\/sfihealthsolutions.com\/wp-content\/uploads\/2021\/12\/EMEA-solutions-Brochure_-A4-1.pdf\" target=\"_blank\">Laden Sie die Brosch\u00fcre herunter<\/a>\n            <\/div>\n<\/section>","protected":false},"excerpt":{"rendered":"","protected":false},"author":13,"featured_media":0,"parent":1645,"menu_order":0,"comment_status":"closed","ping_status":"closed","template":"","meta":{"_acf_changed":false,"inline_featured_image":false,"footnotes":""},"class_list":["post-1648","page","type-page","status-publish","hentry"],"acf":[],"yoast_head":"<!-- This site is optimized with the Yoast SEO plugin v27.2 - https:\/\/yoast.com\/product\/yoast-seo-wordpress\/ -->\n<title>Danke - SFI Health Solutions<\/title>\n<meta name=\"robots\" content=\"index, follow, max-snippet:-1, max-image-preview:large, max-video-preview:-1\" \/>\n<link rel=\"canonical\" href=\"https:\/\/sfihealthsolutions.com\/de\/kontakte\/thank-you\/\" \/>\n<meta property=\"og:locale\" content=\"de_DE\" \/>\n<meta property=\"og:type\" content=\"article\" \/>\n<meta property=\"og:title\" content=\"Danke - SFI Health Solutions\" \/>\n<meta property=\"og:url\" content=\"https:\/\/sfihealthsolutions.com\/de\/kontakte\/thank-you\/\" \/>\n<meta property=\"og:site_name\" content=\"SFI Health Solutions\" \/>\n<meta property=\"article:modified_time\" content=\"2021-12-02T03:22:02+00:00\" \/>\n<meta name=\"twitter:card\" content=\"summary_large_image\" \/>\n<script type=\"application\/ld+json\" class=\"yoast-schema-graph\">{\"@context\":\"https:\/\/schema.org\",\"@graph\":[{\"@type\":\"WebPage\",\"@id\":\"https:\/\/sfihealthsolutions.com\/de\/kontakte\/thank-you\/\",\"url\":\"https:\/\/sfihealthsolutions.com\/de\/kontakte\/thank-you\/\",\"name\":\"Danke - SFI Health Solutions\",\"isPartOf\":{\"@id\":\"https:\/\/sfihealthsolutions.com\/de\/#website\"},\"datePublished\":\"2021-06-20T14:31:45+00:00\",\"dateModified\":\"2021-12-02T03:22:02+00:00\",\"breadcrumb\":{\"@id\":\"https:\/\/sfihealthsolutions.com\/de\/kontakte\/thank-you\/#breadcrumb\"},\"inLanguage\":\"de\",\"potentialAction\":[{\"@type\":\"ReadAction\",\"target\":[\"https:\/\/sfihealthsolutions.com\/de\/kontakte\/thank-you\/\"]}]},{\"@type\":\"BreadcrumbList\",\"@id\":\"https:\/\/sfihealthsolutions.com\/de\/kontakte\/thank-you\/#breadcrumb\",\"itemListElement\":[{\"@type\":\"ListItem\",\"position\":1,\"name\":\"Home\",\"item\":\"https:\/\/sfihealthsolutions.com\/de\/\"},{\"@type\":\"ListItem\",\"position\":2,\"name\":\"Kontakte\",\"item\":\"https:\/\/sfihealthsolutions.com\/de\/kontakte\/\"},{\"@type\":\"ListItem\",\"position\":3,\"name\":\"Danke\"}]},{\"@type\":\"WebSite\",\"@id\":\"https:\/\/sfihealthsolutions.com\/de\/#website\",\"url\":\"https:\/\/sfihealthsolutions.com\/de\/\",\"name\":\"SFI Health Solutions\",\"description\":\"Your Global Specialist Nutraceutical and Pharmaceutical CDMO\",\"publisher\":{\"@id\":\"https:\/\/sfihealthsolutions.com\/de\/#organization\"},\"potentialAction\":[{\"@type\":\"SearchAction\",\"target\":{\"@type\":\"EntryPoint\",\"urlTemplate\":\"https:\/\/sfihealthsolutions.com\/de\/?s={search_term_string}\"},\"query-input\":{\"@type\":\"PropertyValueSpecification\",\"valueRequired\":true,\"valueName\":\"search_term_string\"}}],\"inLanguage\":\"de\"},{\"@type\":\"Organization\",\"@id\":\"https:\/\/sfihealthsolutions.com\/de\/#organization\",\"name\":\"SFI Health Solutions\",\"url\":\"https:\/\/sfihealthsolutions.com\/de\/\",\"logo\":{\"@type\":\"ImageObject\",\"inLanguage\":\"de\",\"@id\":\"https:\/\/sfihealthsolutions.com\/de\/#\/schema\/logo\/image\/\",\"url\":\"https:\/\/sfihealthsolutions.com\/wp-content\/uploads\/2021\/06\/image-placeholder.jpg\",\"contentUrl\":\"https:\/\/sfihealthsolutions.com\/wp-content\/uploads\/2021\/06\/image-placeholder.jpg\",\"width\":426,\"height\":426,\"caption\":\"SFI Health Solutions\"},\"image\":{\"@id\":\"https:\/\/sfihealthsolutions.com\/de\/#\/schema\/logo\/image\/\"}}]}<\/script>\n<!-- \/ Yoast SEO plugin. -->","yoast_head_json":{"title":"Danke - SFI Health Solutions","robots":{"index":"index","follow":"follow","max-snippet":"max-snippet:-1","max-image-preview":"max-image-preview:large","max-video-preview":"max-video-preview:-1"},"canonical":"https:\/\/sfihealthsolutions.com\/de\/kontakte\/thank-you\/","og_locale":"de_DE","og_type":"article","og_title":"Danke - SFI Health Solutions","og_url":"https:\/\/sfihealthsolutions.com\/de\/kontakte\/thank-you\/","og_site_name":"SFI Health Solutions","article_modified_time":"2021-12-02T03:22:02+00:00","twitter_card":"summary_large_image","schema":{"@context":"https:\/\/schema.org","@graph":[{"@type":"WebPage","@id":"https:\/\/sfihealthsolutions.com\/de\/kontakte\/thank-you\/","url":"https:\/\/sfihealthsolutions.com\/de\/kontakte\/thank-you\/","name":"Danke - SFI Health Solutions","isPartOf":{"@id":"https:\/\/sfihealthsolutions.com\/de\/#website"},"datePublished":"2021-06-20T14:31:45+00:00","dateModified":"2021-12-02T03:22:02+00:00","breadcrumb":{"@id":"https:\/\/sfihealthsolutions.com\/de\/kontakte\/thank-you\/#breadcrumb"},"inLanguage":"de","potentialAction":[{"@type":"ReadAction","target":["https:\/\/sfihealthsolutions.com\/de\/kontakte\/thank-you\/"]}]},{"@type":"BreadcrumbList","@id":"https:\/\/sfihealthsolutions.com\/de\/kontakte\/thank-you\/#breadcrumb","itemListElement":[{"@type":"ListItem","position":1,"name":"Home","item":"https:\/\/sfihealthsolutions.com\/de\/"},{"@type":"ListItem","position":2,"name":"Kontakte","item":"https:\/\/sfihealthsolutions.com\/de\/kontakte\/"},{"@type":"ListItem","position":3,"name":"Danke"}]},{"@type":"WebSite","@id":"https:\/\/sfihealthsolutions.com\/de\/#website","url":"https:\/\/sfihealthsolutions.com\/de\/","name":"SFI Health Solutions","description":"Your Global Specialist Nutraceutical and Pharmaceutical CDMO","publisher":{"@id":"https:\/\/sfihealthsolutions.com\/de\/#organization"},"potentialAction":[{"@type":"SearchAction","target":{"@type":"EntryPoint","urlTemplate":"https:\/\/sfihealthsolutions.com\/de\/?s={search_term_string}"},"query-input":{"@type":"PropertyValueSpecification","valueRequired":true,"valueName":"search_term_string"}}],"inLanguage":"de"},{"@type":"Organization","@id":"https:\/\/sfihealthsolutions.com\/de\/#organization","name":"SFI Health Solutions","url":"https:\/\/sfihealthsolutions.com\/de\/","logo":{"@type":"ImageObject","inLanguage":"de","@id":"https:\/\/sfihealthsolutions.com\/de\/#\/schema\/logo\/image\/","url":"https:\/\/sfihealthsolutions.com\/wp-content\/uploads\/2021\/06\/image-placeholder.jpg","contentUrl":"https:\/\/sfihealthsolutions.com\/wp-content\/uploads\/2021\/06\/image-placeholder.jpg","width":426,"height":426,"caption":"SFI Health Solutions"},"image":{"@id":"https:\/\/sfihealthsolutions.com\/de\/#\/schema\/logo\/image\/"}}]}},"_links":{"self":[{"href":"https:\/\/sfihealthsolutions.com\/de\/wp-json\/wp\/v2\/pages\/1648","targetHints":{"allow":["GET"]}}],"collection":[{"href":"https:\/\/sfihealthsolutions.com\/de\/wp-json\/wp\/v2\/pages"}],"about":[{"href":"https:\/\/sfihealthsolutions.com\/de\/wp-json\/wp\/v2\/types\/page"}],"author":[{"embeddable":true,"href":"https:\/\/sfihealthsolutions.com\/de\/wp-json\/wp\/v2\/users\/13"}],"replies":[{"embeddable":true,"href":"https:\/\/sfihealthsolutions.com\/de\/wp-json\/wp\/v2\/comments?post=1648"}],"version-history":[{"count":0,"href":"https:\/\/sfihealthsolutions.com\/de\/wp-json\/wp\/v2\/pages\/1648\/revisions"}],"up":[{"embeddable":true,"href":"https:\/\/sfihealthsolutions.com\/de\/wp-json\/wp\/v2\/pages\/1645"}],"wp:attachment":[{"href":"https:\/\/sfihealthsolutions.com\/de\/wp-json\/wp\/v2\/media?parent=1648"}],"curies":[{"name":"wp","href":"https:\/\/api.w.org\/{rel}","templated":true}]}}