{"id":5428,"date":"2021-11-24T11:14:06","date_gmt":"2021-11-24T11:14:06","guid":{"rendered":"https:\/\/sfihealthsolutions.com\/?page_id=5428"},"modified":"2022-05-31T16:08:38","modified_gmt":"2022-05-31T16:08:38","slug":"sitemap","status":"publish","type":"page","link":"https:\/\/sfihealthsolutions.com\/de\/sitemap\/","title":{"rendered":"Sitemap"},"content":{"rendered":"<section id=\"block-header-banner-block_619e1e9151963\" class=\"banner-section\">       \n    \n            \n    \t\n    \n\t \n    \n    <div class=\"page-banner d-flex align-items-end bg-primary\">\n                    <div class=\"svg-decor svg-decor-404 d-none d-md-block\"><\/div>            \n                \n\n        <div class=\"thumbnail-img d-none d-md-block\">\n                    <\/div>\n\n        <div class=\"container w-100\">\n            <div class=\"container\">\n                <div class=\"row\">\n                    <div class=\"col-lg-7 animate-children\">\n                                             <h1>Sitemap<\/h1>\n                    <\/div>\n                <\/div>\n            <\/div>\n        <\/div>\n    <\/div>\n<\/section>\n\n\n<section id=\"block-full-width-content-block_619e1ea551964\" class=\"full-width-content-section services-section\">\n    <div class=\"container animate-children\">\n        <div class=\"row justify-content-center\">\n            <div class=\"col-lg-6\">\n                <header>\n                    <p><strong><a title=\"CDMO Pharma Deutschland &amp; Schweiz\" href=\"https:\/\/sfihealthsolutions.com\/de\/\">CDMO Pharma Deutschland &amp; Schweiz | SFI Health Solutions<\/a><\/strong><br \/>\n<a title=\"CDMO Dienstleistungen\" href=\"https:\/\/sfihealthsolutions.com\/de\/dienstleistungen\/\">CDMO Dienstleistungen | Full service Lohnhersteller pharma Deutschland<\/a><\/p>\n<ul>\n<li><a title=\"Pflanzliche Arzneimittel Hersteller\" href=\"https:\/\/sfihealthsolutions.com\/de\/dienstleistungen\/wir-entwerfen\/\">Pflanzliche Nahrungserg\u00e4nzungsmittel &amp; pflanzliche Arzneimittel Hersteller<\/a><\/li>\n<li><a title=\"Lohnherstellung Nahrungserg\u00e4nzung &amp; Entwicklung Nahrungserg\u00e4nzungsmittel\" href=\"https:\/\/sfihealthsolutions.com\/de\/dienstleistungen\/wir-entwickeln\/\">Lohnherstellung Nahrungserg\u00e4nzung &amp; Entwicklung Nahrungserg\u00e4nzungsmittel<\/a><\/li>\n<li><a title=\"Ma\u00dfgeschneiderte Nahrungserg\u00e4nzungsmittel lieferanten\" href=\"https:\/\/sfihealthsolutions.com\/de\/dienstleistungen\/wir-liefern\/\">Ma\u00dfgeschneiderte Nahrungserg\u00e4nzungsmittel lieferanten<\/a><\/li>\n<\/ul>\n<p><a title=\"Bio Nahrungserg\u00e4nzungsmittel Hersteller Deutschland\" href=\"https:\/\/sfihealthsolutions.com\/de\/uber-uns\/\">Bio Nahrungserg\u00e4nzungsmittel Hersteller Deutschland<\/a><br \/>\n<a title=\"Lohnhersteller Nahrungserg\u00e4nzungsmittel kosten\" href=\"https:\/\/sfihealthsolutions.com\/de\/kontakte\/\">Lohnhersteller Nahrungserg\u00e4nzungsmittel kosten<\/a><br \/>\n<a title=\"Nahrungserg\u00e4nzungsmittel private label\" href=\"https:\/\/sfihealthsolutions.com\/de\/eigenmarke\/\">Nahrungserg\u00e4nzungsmittel private label (white label)<\/a><br \/>\n<em><a title=\"Nahrungserg\u00e4nzungsmittel Herz und Kreislauf\" href=\"https:\/\/sfihealthsolutions.com\/de\/eigenmarke\/cardio-protect-duo\/\">Nahrungserg\u00e4nzungsmittel Herz und Kreislauf<\/a><\/em><br \/>\n<em><a title=\"Omega 3 Fetts\u00e4uren Nahrungserg\u00e4nzungsmittel\" href=\"https:\/\/sfihealthsolutions.com\/de\/eigenmarke\/cardiocare\/\">Omega 3 Fetts\u00e4uren Nahrungserg\u00e4nzungsmittel<\/a><\/em><br \/>\n<em><a title=\"Nahrungserg\u00e4nzungsmittel f\u00fcr Wohlbefinden &amp; Schlaf\" href=\"https:\/\/sfihealthsolutions.com\/de\/eigenmarke\/daynight\/\">Nahrungserg\u00e4nzungsmittel f\u00fcr Wohlbefinden &amp; Schlaf<\/a><\/em><br \/>\n<em><a title=\"Nahrungserg\u00e4nzungsmittel f\u00fcr Ged\u00e4chtnis | Eigenmarke\" href=\"https:\/\/sfihealthsolutions.com\/de\/eigenmarke\/memorease\/\">Nahrungserg\u00e4nzungsmittel f\u00fcr Ged\u00e4chtnis<\/a><\/em><br \/>\n<em><a title=\"Omega 6 &amp; Omega 3 Nahrungserg\u00e4nzungsmittel Schwangerschaft\" href=\"https:\/\/sfihealthsolutions.com\/de\/eigenmarke\/nutrimom\/\">Omega 6 &amp; Omega 3 Nahrungserg\u00e4nzungsmittel Schwangerschaft<\/a><\/em><br \/>\n<em><a title=\"Nahrungserg\u00e4nzungsmittel Verdauung\" href=\"https:\/\/sfihealthsolutions.com\/de\/eigenmarke\/optigut\/\">Nahrungserg\u00e4nzungsmittel Verdauung<\/a><\/em><br \/>\n<em><a title=\"Nahrungserg\u00e4nzungsmittel Energie\" href=\"https:\/\/sfihealthsolutions.com\/de\/eigenmarke\/performango\/\">Nahrungserg\u00e4nzungsmittel Energie<\/a><\/em><br \/>\n<em><a title=\"Nahrungserg\u00e4nzungsmittel Immunsystem\" href=\"https:\/\/sfihealthsolutions.com\/de\/eigenmarke\/phytodefense\/\">Nahrungserg\u00e4nzungsmittel Immunsystem<\/a><\/em><br \/>\n<a title=\"Nahrungserg\u00e4nzungsmittel f\u00fcr Schlaf und Entspannung\" href=\"https:\/\/sfihealthsolutions.com\/de\/eigenmarke\/phytorest\/\"><em>Nahrungserg\u00e4nzungsmittel f\u00fcr Schlaf und Entspannung<\/em><\/a><\/p>\n<p><a title=\"Top CDMO companies in Europe\" href=\"https:\/\/sfihealthsolutions.com\/\">Top CDMO companies in Europe since 1946 | SFI UK<\/a><br \/>\n<a title=\"CDMO France\" href=\"https:\/\/sfihealthsolutions.com\/fr\/\">CDMO France | CDMO pharmaceutique &amp; nutraceutique | SFI France<\/a><br \/>\n<a title=\"CDMO farmaceutico\" href=\"https:\/\/sfihealthsolutions.com\/it\/\">CDMO farmaceutico | CDMO nutraceutico | SFI Italy<\/a><\/p>\n                <\/header>\n            <\/div>\n        <\/div>\n<\/section>\n<div class=\"d-none\" style=\"display: none\">Back to top<\/div>","protected":false},"excerpt":{"rendered":"","protected":false},"author":16,"featured_media":0,"parent":0,"menu_order":0,"comment_status":"closed","ping_status":"closed","template":"","meta":{"_acf_changed":false,"inline_featured_image":false,"footnotes":""},"class_list":["post-5428","page","type-page","status-publish","hentry"],"acf":[],"yoast_head":"<!-- This site is optimized with the Yoast SEO plugin v27.2 - https:\/\/yoast.com\/product\/yoast-seo-wordpress\/ -->\n<title>Sitemap | SFI Health Solutions<\/title>\n<meta name=\"robots\" content=\"index, follow, max-snippet:-1, max-image-preview:large, max-video-preview:-1\" \/>\n<link rel=\"canonical\" href=\"https:\/\/sfihealthsolutions.com\/de\/sitemap\/\" \/>\n<meta property=\"og:locale\" content=\"de_DE\" \/>\n<meta property=\"og:type\" content=\"article\" \/>\n<meta property=\"og:title\" content=\"Sitemap | SFI Health Solutions\" \/>\n<meta property=\"og:url\" content=\"https:\/\/sfihealthsolutions.com\/de\/sitemap\/\" \/>\n<meta property=\"og:site_name\" content=\"SFI Health Solutions\" \/>\n<meta property=\"article:modified_time\" content=\"2022-05-31T16:08:38+00:00\" \/>\n<meta name=\"twitter:card\" content=\"summary_large_image\" \/>\n<script type=\"application\/ld+json\" class=\"yoast-schema-graph\">{\"@context\":\"https:\/\/schema.org\",\"@graph\":[{\"@type\":\"WebPage\",\"@id\":\"https:\/\/sfihealthsolutions.com\/de\/sitemap\/\",\"url\":\"https:\/\/sfihealthsolutions.com\/de\/sitemap\/\",\"name\":\"Sitemap | SFI Health Solutions\",\"isPartOf\":{\"@id\":\"https:\/\/sfihealthsolutions.com\/de\/#website\"},\"datePublished\":\"2021-11-24T11:14:06+00:00\",\"dateModified\":\"2022-05-31T16:08:38+00:00\",\"breadcrumb\":{\"@id\":\"https:\/\/sfihealthsolutions.com\/de\/sitemap\/#breadcrumb\"},\"inLanguage\":\"de\",\"potentialAction\":[{\"@type\":\"ReadAction\",\"target\":[\"https:\/\/sfihealthsolutions.com\/de\/sitemap\/\"]}]},{\"@type\":\"BreadcrumbList\",\"@id\":\"https:\/\/sfihealthsolutions.com\/de\/sitemap\/#breadcrumb\",\"itemListElement\":[{\"@type\":\"ListItem\",\"position\":1,\"name\":\"Home\",\"item\":\"https:\/\/sfihealthsolutions.com\/de\/\"},{\"@type\":\"ListItem\",\"position\":2,\"name\":\"Sitemap\"}]},{\"@type\":\"WebSite\",\"@id\":\"https:\/\/sfihealthsolutions.com\/de\/#website\",\"url\":\"https:\/\/sfihealthsolutions.com\/de\/\",\"name\":\"SFI Health Solutions\",\"description\":\"Your Global Specialist Nutraceutical and Pharmaceutical CDMO\",\"publisher\":{\"@id\":\"https:\/\/sfihealthsolutions.com\/de\/#organization\"},\"potentialAction\":[{\"@type\":\"SearchAction\",\"target\":{\"@type\":\"EntryPoint\",\"urlTemplate\":\"https:\/\/sfihealthsolutions.com\/de\/?s={search_term_string}\"},\"query-input\":{\"@type\":\"PropertyValueSpecification\",\"valueRequired\":true,\"valueName\":\"search_term_string\"}}],\"inLanguage\":\"de\"},{\"@type\":\"Organization\",\"@id\":\"https:\/\/sfihealthsolutions.com\/de\/#organization\",\"name\":\"SFI Health Solutions\",\"url\":\"https:\/\/sfihealthsolutions.com\/de\/\",\"logo\":{\"@type\":\"ImageObject\",\"inLanguage\":\"de\",\"@id\":\"https:\/\/sfihealthsolutions.com\/de\/#\/schema\/logo\/image\/\",\"url\":\"https:\/\/sfihealthsolutions.com\/wp-content\/uploads\/2021\/06\/image-placeholder.jpg\",\"contentUrl\":\"https:\/\/sfihealthsolutions.com\/wp-content\/uploads\/2021\/06\/image-placeholder.jpg\",\"width\":426,\"height\":426,\"caption\":\"SFI Health Solutions\"},\"image\":{\"@id\":\"https:\/\/sfihealthsolutions.com\/de\/#\/schema\/logo\/image\/\"}}]}<\/script>\n<!-- \/ Yoast SEO plugin. -->","yoast_head_json":{"title":"Sitemap | SFI Health Solutions","robots":{"index":"index","follow":"follow","max-snippet":"max-snippet:-1","max-image-preview":"max-image-preview:large","max-video-preview":"max-video-preview:-1"},"canonical":"https:\/\/sfihealthsolutions.com\/de\/sitemap\/","og_locale":"de_DE","og_type":"article","og_title":"Sitemap | SFI Health Solutions","og_url":"https:\/\/sfihealthsolutions.com\/de\/sitemap\/","og_site_name":"SFI Health Solutions","article_modified_time":"2022-05-31T16:08:38+00:00","twitter_card":"summary_large_image","schema":{"@context":"https:\/\/schema.org","@graph":[{"@type":"WebPage","@id":"https:\/\/sfihealthsolutions.com\/de\/sitemap\/","url":"https:\/\/sfihealthsolutions.com\/de\/sitemap\/","name":"Sitemap | SFI Health Solutions","isPartOf":{"@id":"https:\/\/sfihealthsolutions.com\/de\/#website"},"datePublished":"2021-11-24T11:14:06+00:00","dateModified":"2022-05-31T16:08:38+00:00","breadcrumb":{"@id":"https:\/\/sfihealthsolutions.com\/de\/sitemap\/#breadcrumb"},"inLanguage":"de","potentialAction":[{"@type":"ReadAction","target":["https:\/\/sfihealthsolutions.com\/de\/sitemap\/"]}]},{"@type":"BreadcrumbList","@id":"https:\/\/sfihealthsolutions.com\/de\/sitemap\/#breadcrumb","itemListElement":[{"@type":"ListItem","position":1,"name":"Home","item":"https:\/\/sfihealthsolutions.com\/de\/"},{"@type":"ListItem","position":2,"name":"Sitemap"}]},{"@type":"WebSite","@id":"https:\/\/sfihealthsolutions.com\/de\/#website","url":"https:\/\/sfihealthsolutions.com\/de\/","name":"SFI Health Solutions","description":"Your Global Specialist Nutraceutical and Pharmaceutical CDMO","publisher":{"@id":"https:\/\/sfihealthsolutions.com\/de\/#organization"},"potentialAction":[{"@type":"SearchAction","target":{"@type":"EntryPoint","urlTemplate":"https:\/\/sfihealthsolutions.com\/de\/?s={search_term_string}"},"query-input":{"@type":"PropertyValueSpecification","valueRequired":true,"valueName":"search_term_string"}}],"inLanguage":"de"},{"@type":"Organization","@id":"https:\/\/sfihealthsolutions.com\/de\/#organization","name":"SFI Health Solutions","url":"https:\/\/sfihealthsolutions.com\/de\/","logo":{"@type":"ImageObject","inLanguage":"de","@id":"https:\/\/sfihealthsolutions.com\/de\/#\/schema\/logo\/image\/","url":"https:\/\/sfihealthsolutions.com\/wp-content\/uploads\/2021\/06\/image-placeholder.jpg","contentUrl":"https:\/\/sfihealthsolutions.com\/wp-content\/uploads\/2021\/06\/image-placeholder.jpg","width":426,"height":426,"caption":"SFI Health Solutions"},"image":{"@id":"https:\/\/sfihealthsolutions.com\/de\/#\/schema\/logo\/image\/"}}]}},"_links":{"self":[{"href":"https:\/\/sfihealthsolutions.com\/de\/wp-json\/wp\/v2\/pages\/5428","targetHints":{"allow":["GET"]}}],"collection":[{"href":"https:\/\/sfihealthsolutions.com\/de\/wp-json\/wp\/v2\/pages"}],"about":[{"href":"https:\/\/sfihealthsolutions.com\/de\/wp-json\/wp\/v2\/types\/page"}],"author":[{"embeddable":true,"href":"https:\/\/sfihealthsolutions.com\/de\/wp-json\/wp\/v2\/users\/16"}],"replies":[{"embeddable":true,"href":"https:\/\/sfihealthsolutions.com\/de\/wp-json\/wp\/v2\/comments?post=5428"}],"version-history":[{"count":0,"href":"https:\/\/sfihealthsolutions.com\/de\/wp-json\/wp\/v2\/pages\/5428\/revisions"}],"wp:attachment":[{"href":"https:\/\/sfihealthsolutions.com\/de\/wp-json\/wp\/v2\/media?parent=5428"}],"curies":[{"name":"wp","href":"https:\/\/api.w.org\/{rel}","templated":true}]}}