{"id":1647,"date":"2021-06-20T14:31:45","date_gmt":"2021-06-20T14:31:45","guid":{"rendered":"https:\/\/sfihealthsolutions.com\/contact\/thank-you\/"},"modified":"2021-12-02T03:18:49","modified_gmt":"2021-12-02T03:18:49","slug":"thank-you","status":"publish","type":"page","link":"https:\/\/sfihealthsolutions.com\/fr\/nous-contacter\/thank-you\/","title":{"rendered":"Merci"},"content":{"rendered":"\n<section id=\"thank-you-content-block_61a839b67b773\" class=\"block-thank-you-content\">\n    <div class=\"content\">\n        <h1>Merci.<br>Nous avons re\u00e7u votre demande.<\/h1>\n        <p>Un de nos responsables charg\u00e9s du d\u00e9veloppement commercial prendra contact avec vous dans les 1-2 prochains jours pour discuter de vos besoins.<\/p>\n<p>En attendant, t\u00e9l\u00e9chargez notre brochure et d\u00e9couvrez nos sp\u00e9cialit\u00e9s dans le domaine de produits naturelle. En outre, vous aurez la possibilit\u00e9 de d\u00e9couvrir comment nous avons favoriser plusieurs clients dans le secteur de suppl\u00e9ment nutritionnelle et OTC.<\/p>\n                            <a class=\"btn btn-primary\" href=\"http:\/\/sfihealthsolutions.com\/wp-content\/uploads\/2021\/12\/EMEA-solutions-Brochure_-A4-1.pdf\" target=\"_blank\">T\u00e9l\u00e9charger la brochure<\/a>\n            <\/div>\n<\/section>","protected":false},"excerpt":{"rendered":"","protected":false},"author":13,"featured_media":0,"parent":1644,"menu_order":0,"comment_status":"closed","ping_status":"closed","template":"","meta":{"_acf_changed":false,"inline_featured_image":false,"footnotes":""},"class_list":["post-1647","page","type-page","status-publish","hentry"],"acf":[],"yoast_head":"<!-- This site is optimized with the Yoast SEO plugin v27.2 - https:\/\/yoast.com\/product\/yoast-seo-wordpress\/ -->\n<title>Merci - SFI Health Solutions<\/title>\n<meta name=\"robots\" content=\"index, follow, max-snippet:-1, max-image-preview:large, max-video-preview:-1\" \/>\n<link rel=\"canonical\" href=\"https:\/\/sfihealthsolutions.com\/fr\/nous-contacter\/thank-you\/\" \/>\n<meta property=\"og:locale\" content=\"fr_FR\" \/>\n<meta property=\"og:type\" content=\"article\" \/>\n<meta property=\"og:title\" content=\"Merci - SFI Health Solutions\" \/>\n<meta property=\"og:url\" content=\"https:\/\/sfihealthsolutions.com\/fr\/nous-contacter\/thank-you\/\" \/>\n<meta property=\"og:site_name\" content=\"SFI Health Solutions\" \/>\n<meta property=\"article:modified_time\" content=\"2021-12-02T03:18:49+00:00\" \/>\n<meta name=\"twitter:card\" content=\"summary_large_image\" \/>\n<script type=\"application\/ld+json\" class=\"yoast-schema-graph\">{\"@context\":\"https:\/\/schema.org\",\"@graph\":[{\"@type\":\"WebPage\",\"@id\":\"https:\/\/sfihealthsolutions.com\/fr\/nous-contacter\/thank-you\/\",\"url\":\"https:\/\/sfihealthsolutions.com\/fr\/nous-contacter\/thank-you\/\",\"name\":\"Merci - SFI Health Solutions\",\"isPartOf\":{\"@id\":\"https:\/\/sfihealthsolutions.com\/fr\/#website\"},\"datePublished\":\"2021-06-20T14:31:45+00:00\",\"dateModified\":\"2021-12-02T03:18:49+00:00\",\"breadcrumb\":{\"@id\":\"https:\/\/sfihealthsolutions.com\/fr\/nous-contacter\/thank-you\/#breadcrumb\"},\"inLanguage\":\"fr-FR\",\"potentialAction\":[{\"@type\":\"ReadAction\",\"target\":[\"https:\/\/sfihealthsolutions.com\/fr\/nous-contacter\/thank-you\/\"]}]},{\"@type\":\"BreadcrumbList\",\"@id\":\"https:\/\/sfihealthsolutions.com\/fr\/nous-contacter\/thank-you\/#breadcrumb\",\"itemListElement\":[{\"@type\":\"ListItem\",\"position\":1,\"name\":\"Home\",\"item\":\"https:\/\/sfihealthsolutions.com\/fr\/\"},{\"@type\":\"ListItem\",\"position\":2,\"name\":\"Nous contacter\",\"item\":\"https:\/\/sfihealthsolutions.com\/fr\/nous-contacter\/\"},{\"@type\":\"ListItem\",\"position\":3,\"name\":\"Merci\"}]},{\"@type\":\"WebSite\",\"@id\":\"https:\/\/sfihealthsolutions.com\/fr\/#website\",\"url\":\"https:\/\/sfihealthsolutions.com\/fr\/\",\"name\":\"SFI Health Solutions\",\"description\":\"Your Global Specialist Nutraceutical and Pharmaceutical CDMO\",\"publisher\":{\"@id\":\"https:\/\/sfihealthsolutions.com\/fr\/#organization\"},\"potentialAction\":[{\"@type\":\"SearchAction\",\"target\":{\"@type\":\"EntryPoint\",\"urlTemplate\":\"https:\/\/sfihealthsolutions.com\/fr\/?s={search_term_string}\"},\"query-input\":{\"@type\":\"PropertyValueSpecification\",\"valueRequired\":true,\"valueName\":\"search_term_string\"}}],\"inLanguage\":\"fr-FR\"},{\"@type\":\"Organization\",\"@id\":\"https:\/\/sfihealthsolutions.com\/fr\/#organization\",\"name\":\"SFI Health Solutions\",\"url\":\"https:\/\/sfihealthsolutions.com\/fr\/\",\"logo\":{\"@type\":\"ImageObject\",\"inLanguage\":\"fr-FR\",\"@id\":\"https:\/\/sfihealthsolutions.com\/fr\/#\/schema\/logo\/image\/\",\"url\":\"https:\/\/sfihealthsolutions.com\/wp-content\/uploads\/2021\/06\/image-placeholder.jpg\",\"contentUrl\":\"https:\/\/sfihealthsolutions.com\/wp-content\/uploads\/2021\/06\/image-placeholder.jpg\",\"width\":426,\"height\":426,\"caption\":\"SFI Health Solutions\"},\"image\":{\"@id\":\"https:\/\/sfihealthsolutions.com\/fr\/#\/schema\/logo\/image\/\"}}]}<\/script>\n<!-- \/ Yoast SEO plugin. -->","yoast_head_json":{"title":"Merci - SFI Health Solutions","robots":{"index":"index","follow":"follow","max-snippet":"max-snippet:-1","max-image-preview":"max-image-preview:large","max-video-preview":"max-video-preview:-1"},"canonical":"https:\/\/sfihealthsolutions.com\/fr\/nous-contacter\/thank-you\/","og_locale":"fr_FR","og_type":"article","og_title":"Merci - SFI Health Solutions","og_url":"https:\/\/sfihealthsolutions.com\/fr\/nous-contacter\/thank-you\/","og_site_name":"SFI Health Solutions","article_modified_time":"2021-12-02T03:18:49+00:00","twitter_card":"summary_large_image","schema":{"@context":"https:\/\/schema.org","@graph":[{"@type":"WebPage","@id":"https:\/\/sfihealthsolutions.com\/fr\/nous-contacter\/thank-you\/","url":"https:\/\/sfihealthsolutions.com\/fr\/nous-contacter\/thank-you\/","name":"Merci - SFI Health Solutions","isPartOf":{"@id":"https:\/\/sfihealthsolutions.com\/fr\/#website"},"datePublished":"2021-06-20T14:31:45+00:00","dateModified":"2021-12-02T03:18:49+00:00","breadcrumb":{"@id":"https:\/\/sfihealthsolutions.com\/fr\/nous-contacter\/thank-you\/#breadcrumb"},"inLanguage":"fr-FR","potentialAction":[{"@type":"ReadAction","target":["https:\/\/sfihealthsolutions.com\/fr\/nous-contacter\/thank-you\/"]}]},{"@type":"BreadcrumbList","@id":"https:\/\/sfihealthsolutions.com\/fr\/nous-contacter\/thank-you\/#breadcrumb","itemListElement":[{"@type":"ListItem","position":1,"name":"Home","item":"https:\/\/sfihealthsolutions.com\/fr\/"},{"@type":"ListItem","position":2,"name":"Nous contacter","item":"https:\/\/sfihealthsolutions.com\/fr\/nous-contacter\/"},{"@type":"ListItem","position":3,"name":"Merci"}]},{"@type":"WebSite","@id":"https:\/\/sfihealthsolutions.com\/fr\/#website","url":"https:\/\/sfihealthsolutions.com\/fr\/","name":"SFI Health Solutions","description":"Your Global Specialist Nutraceutical and Pharmaceutical CDMO","publisher":{"@id":"https:\/\/sfihealthsolutions.com\/fr\/#organization"},"potentialAction":[{"@type":"SearchAction","target":{"@type":"EntryPoint","urlTemplate":"https:\/\/sfihealthsolutions.com\/fr\/?s={search_term_string}"},"query-input":{"@type":"PropertyValueSpecification","valueRequired":true,"valueName":"search_term_string"}}],"inLanguage":"fr-FR"},{"@type":"Organization","@id":"https:\/\/sfihealthsolutions.com\/fr\/#organization","name":"SFI Health Solutions","url":"https:\/\/sfihealthsolutions.com\/fr\/","logo":{"@type":"ImageObject","inLanguage":"fr-FR","@id":"https:\/\/sfihealthsolutions.com\/fr\/#\/schema\/logo\/image\/","url":"https:\/\/sfihealthsolutions.com\/wp-content\/uploads\/2021\/06\/image-placeholder.jpg","contentUrl":"https:\/\/sfihealthsolutions.com\/wp-content\/uploads\/2021\/06\/image-placeholder.jpg","width":426,"height":426,"caption":"SFI Health Solutions"},"image":{"@id":"https:\/\/sfihealthsolutions.com\/fr\/#\/schema\/logo\/image\/"}}]}},"_links":{"self":[{"href":"https:\/\/sfihealthsolutions.com\/fr\/wp-json\/wp\/v2\/pages\/1647","targetHints":{"allow":["GET"]}}],"collection":[{"href":"https:\/\/sfihealthsolutions.com\/fr\/wp-json\/wp\/v2\/pages"}],"about":[{"href":"https:\/\/sfihealthsolutions.com\/fr\/wp-json\/wp\/v2\/types\/page"}],"author":[{"embeddable":true,"href":"https:\/\/sfihealthsolutions.com\/fr\/wp-json\/wp\/v2\/users\/13"}],"replies":[{"embeddable":true,"href":"https:\/\/sfihealthsolutions.com\/fr\/wp-json\/wp\/v2\/comments?post=1647"}],"version-history":[{"count":0,"href":"https:\/\/sfihealthsolutions.com\/fr\/wp-json\/wp\/v2\/pages\/1647\/revisions"}],"up":[{"embeddable":true,"href":"https:\/\/sfihealthsolutions.com\/fr\/wp-json\/wp\/v2\/pages\/1644"}],"wp:attachment":[{"href":"https:\/\/sfihealthsolutions.com\/fr\/wp-json\/wp\/v2\/media?parent=1647"}],"curies":[{"name":"wp","href":"https:\/\/api.w.org\/{rel}","templated":true}]}}